{"id":1672,"date":"2025-07-28T13:30:58","date_gmt":"2025-07-28T13:30:58","guid":{"rendered":"https:\/\/isi-shuffles.de\/?post_type=product&#038;p=1672"},"modified":"2026-03-25T13:43:39","modified_gmt":"2026-03-25T13:43:39","slug":"kombipaket-technik-combo-training","status":"publish","type":"product","link":"https:\/\/isi-shuffles.de\/en\/produkt\/kombipaket-technik-combo-training\/","title":{"rendered":"Kombipaket Technik + Combo-Training (je 4 Sessions)"},"content":{"rendered":"<p>[et_pb_section fb_built=&#8221;1&#8243; _builder_version=&#8221;4.16&#8243; custom_padding=&#8221;0px||||false|false&#8221; global_colors_info=&#8221;{}&#8221;][et_pb_row _builder_version=&#8221;4.17.4&#8243; background_size=&#8221;initial&#8221; background_position=&#8221;top_left&#8221; background_repeat=&#8221;repeat&#8221; width=&#8221;100%&#8221; custom_padding=&#8221;0px||0px||false|false&#8221; global_colors_info=&#8221;{}&#8221;][et_pb_column type=&#8221;4_4&#8243; _builder_version=&#8221;4.16&#8243; custom_padding=&#8221;|||&#8221; global_colors_info=&#8221;{}&#8221; custom_padding__hover=&#8221;|||&#8221;][et_pb_wc_breadcrumb _builder_version=&#8221;4.16&#8243; global_colors_info=&#8221;{}&#8221;][\/et_pb_wc_breadcrumb][et_pb_wc_cart_notice _builder_version=&#8221;4.16&#8243; global_colors_info=&#8221;{}&#8221;][\/et_pb_wc_cart_notice][\/et_pb_column][\/et_pb_row][et_pb_row column_structure=&#8221;1_2,1_2&#8243; _builder_version=&#8221;4.16&#8243; background_size=&#8221;initial&#8221; background_position=&#8221;top_left&#8221; background_repeat=&#8221;repeat&#8221; width=&#8221;100%&#8221; custom_padding=&#8221;0px||||false|false&#8221; global_colors_info=&#8221;{}&#8221;][et_pb_column type=&#8221;1_2&#8243; _builder_version=&#8221;4.16&#8243; custom_padding=&#8221;|||&#8221; global_colors_info=&#8221;{}&#8221; custom_padding__hover=&#8221;|||&#8221;][et_pb_wc_images _builder_version=&#8221;4.16&#8243; global_colors_info=&#8221;{}&#8221;][\/et_pb_wc_images][\/et_pb_column][et_pb_column type=&#8221;1_2&#8243; _builder_version=&#8221;4.16&#8243; custom_padding=&#8221;|||&#8221; global_colors_info=&#8221;{}&#8221; custom_padding__hover=&#8221;|||&#8221;][et_pb_wc_title _builder_version=&#8221;4.17.4&#8243; header_font=&#8221;Montserrat|900|on||||||&#8221; header_text_color=&#8221;#000000&#8243; header_text_shadow_style=&#8221;preset5&#8243; header_text_shadow_color=&#8221;rgba(223,82,255,0.33)&#8221; global_colors_info=&#8221;{}&#8221;][\/et_pb_wc_title][et_pb_wc_price _builder_version=&#8221;4.16&#8243; global_colors_info=&#8221;{}&#8221;][\/et_pb_wc_price][et_pb_wc_description _builder_version=&#8221;4.16&#8243; global_colors_info=&#8221;{}&#8221;][\/et_pb_wc_description][et_pb_wc_add_to_cart show_stock=&#8221;off&#8221; _builder_version=&#8221;4.17.4&#8243; custom_button=&#8221;on&#8221; button_bg_use_color_gradient=&#8221;on&#8221; button_bg_color_gradient_direction=&#8221;90deg&#8221; button_bg_color_gradient_stops=&#8221;#f7aaff 1%|#00fff2 100%&#8221; button_border_width=&#8221;0px&#8221; button_font=&#8221;Montserrat||||||||&#8221; global_colors_info=&#8221;{}&#8221;][\/et_pb_wc_add_to_cart][et_pb_wc_tabs _builder_version=&#8221;4.16&#8243; global_colors_info=&#8221;{}&#8221;]\t\t\t\t\t[\/et_pb_wc_tabs][\/et_pb_column][\/et_pb_row][\/et_pb_section]<\/p>\n","protected":false},"excerpt":{"rendered":"<p>Shuffledance ist ein energiegeladener Tanzstil zu elektronischer Musik mit dem Schwerpunkt auf Footwork. Er entstand in der Clubkultur und verbindet Technik, Ausdruck und ein einzigartiges K\u00f6rpergef\u00fchl. Der bekannteste Schritt ist der &#8220;Running Man&#8221;.<br \/>\nCuttingshapes ist ein Unterstil, bei dem der Fokus mehr auf MicroBouncing liegt \u2013 oft variantenreicher als klassisches Shuffeln.<br \/>\nBeide Stile bringen Power &amp; Flow und sind f\u00fcr alle Level geeignet.<\/p>\n<p>Ein perfekter Einstieg! \u2028Jeden Montag nehmen wir uns einen Schritt vor &#038; gehen intensiv auf die Technik ein. Durch die vielen Wiederholungen und langsame Musik, brauchst du dich auf nichts anderes als deine F\u00fc\u00dfe zu konzentrieren. Es geht haupts\u00e4chlich darum, dass du mit den Schritten warm wirst und viel trainierst.<br \/>\nPerfekt f\u00fcr:<br \/>\n* Einsteiger:innen ohne Vorerfahrung<br \/>\n* Menschen, die Bewegung mit Struktur &#038; Freude kombinieren wollen<br \/>\n* alle, die sich Festival-ready tanzen m\u00f6chten<\/p>\n<p>Combos sind eine Aneinanderreihung von einzelnen Schritten, die immer wieder im Kreislauf wiederholt werden. Diese Art Training hat mir extrem geholfen, Technik zu verinnerlichen, K\u00f6rperspannung und einen Flow zu erarbeiten. Wiederholung ist der Schl\u00fcssel zum Fortschritt und, da das manchmal schwierig sein kann, sich alleine aufzuraffen, trainieren wir zusammen! Wir nehmen Basic- aber auch fortgeschrittenere Schritte, und durch das dauerhafte Wiederholen &#038; Verbinden kommen wir hervorragend in ein effektives Training. Wir starten zu langsamer Musik und steigern uns St\u00fcck f\u00fcr St\u00fcck.<br \/>\nPerfekt f\u00fcr:<br \/>\n* Einsteiger:innen &#038; Fortgeschrittene<br \/>\n* Menschen, die sich mit Spa\u00df k\u00f6rperlich Bewegen wollen<br \/>\n* alle, die sich Festival-ready tanzen m\u00f6chten<br \/>\n* Inspiration deines Freestyles<\/p>\n","protected":false},"featured_media":262,"template":"","meta":{"_et_pb_use_builder":"on","_et_pb_old_content":"","_et_gb_content_width":""},"product_brand":[],"product_cat":[26],"product_tag":[],"class_list":{"0":"post-1672","1":"product","2":"type-product","3":"status-publish","4":"has-post-thumbnail","6":"product_cat-workshop","8":"first","9":"instock","10":"virtual","11":"taxable","12":"purchasable","13":"product-type-simple"},"yoast_head":"<!-- This site is optimized with the Yoast SEO plugin v26.9 - https:\/\/yoast.com\/product\/yoast-seo-wordpress\/ -->\n<title>Kombipaket Technik + Combo-Training (je 4 Sessions) - Isi-Shuffles<\/title>\n<meta name=\"description\" content=\"Nimm jetzt am Shuffle Technik + Combo-Kurs von Isi-Shuffles teil. Ich freue mich auf Deine Anmeldung und mit Dir zusammen zu tanzen!\" \/>\n<meta name=\"robots\" content=\"index, follow, max-snippet:-1, max-image-preview:large, max-video-preview:-1\" \/>\n<link rel=\"canonical\" href=\"https:\/\/isi-shuffles.de\/en\/produkt\/kombipaket-technik-combo-training\/\" \/>\n<meta property=\"og:locale\" content=\"en_US\" \/>\n<meta property=\"og:type\" content=\"article\" \/>\n<meta property=\"og:title\" content=\"Kombipaket Technik + Combo-Training (je 4 Sessions) - Isi-Shuffles\" \/>\n<meta property=\"og:description\" content=\"Nimm jetzt am Shuffle Technik + Combo-Kurs von Isi-Shuffles teil. Ich freue mich auf Deine Anmeldung und mit Dir zusammen zu tanzen!\" \/>\n<meta property=\"og:url\" content=\"https:\/\/isi-shuffles.de\/en\/produkt\/kombipaket-technik-combo-training\/\" \/>\n<meta property=\"og:site_name\" content=\"Isi-Shuffles\" \/>\n<meta property=\"article:modified_time\" content=\"2026-03-25T13:43:39+00:00\" \/>\n<meta property=\"og:image\" content=\"https:\/\/isi-shuffles.de\/wp-content\/uploads\/2022\/07\/DSCF6838-1-2-scaled.jpg\" \/>\n\t<meta property=\"og:image:width\" content=\"1763\" \/>\n\t<meta property=\"og:image:height\" content=\"2560\" \/>\n\t<meta property=\"og:image:type\" content=\"image\/jpeg\" \/>\n<meta name=\"twitter:card\" content=\"summary_large_image\" \/>\n<meta name=\"twitter:label1\" content=\"Est. reading time\" \/>\n\t<meta name=\"twitter:data1\" content=\"1 minute\" \/>\n<script type=\"application\/ld+json\" class=\"yoast-schema-graph\">{\"@context\":\"https:\/\/schema.org\",\"@graph\":[{\"@type\":\"WebPage\",\"@id\":\"https:\/\/isi-shuffles.de\/en\/produkt\/kombipaket-technik-combo-training\/\",\"url\":\"https:\/\/isi-shuffles.de\/en\/produkt\/kombipaket-technik-combo-training\/\",\"name\":\"Kombipaket Technik + Combo-Training (je 4 Sessions) - Isi-Shuffles\",\"isPartOf\":{\"@id\":\"https:\/\/isi-shuffles.de\/en\/#website\"},\"primaryImageOfPage\":{\"@id\":\"https:\/\/isi-shuffles.de\/en\/produkt\/kombipaket-technik-combo-training\/#primaryimage\"},\"image\":{\"@id\":\"https:\/\/isi-shuffles.de\/en\/produkt\/kombipaket-technik-combo-training\/#primaryimage\"},\"thumbnailUrl\":\"https:\/\/isi-shuffles.de\/wp-content\/uploads\/2022\/07\/DSCF6838-1-2-scaled.jpg\",\"datePublished\":\"2025-07-28T13:30:58+00:00\",\"dateModified\":\"2026-03-25T13:43:39+00:00\",\"description\":\"Nimm jetzt am Shuffle Technik + Combo-Kurs von Isi-Shuffles teil. Ich freue mich auf Deine Anmeldung und mit Dir zusammen zu tanzen!\",\"breadcrumb\":{\"@id\":\"https:\/\/isi-shuffles.de\/en\/produkt\/kombipaket-technik-combo-training\/#breadcrumb\"},\"inLanguage\":\"en-US\",\"potentialAction\":[{\"@type\":\"ReadAction\",\"target\":[\"https:\/\/isi-shuffles.de\/en\/produkt\/kombipaket-technik-combo-training\/\"]}]},{\"@type\":\"ImageObject\",\"inLanguage\":\"en-US\",\"@id\":\"https:\/\/isi-shuffles.de\/en\/produkt\/kombipaket-technik-combo-training\/#primaryimage\",\"url\":\"https:\/\/isi-shuffles.de\/wp-content\/uploads\/2022\/07\/DSCF6838-1-2-scaled.jpg\",\"contentUrl\":\"https:\/\/isi-shuffles.de\/wp-content\/uploads\/2022\/07\/DSCF6838-1-2-scaled.jpg\",\"width\":1763,\"height\":2560},{\"@type\":\"BreadcrumbList\",\"@id\":\"https:\/\/isi-shuffles.de\/en\/produkt\/kombipaket-technik-combo-training\/#breadcrumb\",\"itemListElement\":[{\"@type\":\"ListItem\",\"position\":1,\"name\":\"Startseite\",\"item\":\"https:\/\/isi-shuffles.de\/en\/homepage\/\"},{\"@type\":\"ListItem\",\"position\":2,\"name\":\"Shop\",\"item\":\"https:\/\/isi-shuffles.de\/shop\/\"},{\"@type\":\"ListItem\",\"position\":3,\"name\":\"Kombipaket Technik + Combo-Training (je 4 Sessions)\"}]},{\"@type\":\"WebSite\",\"@id\":\"https:\/\/isi-shuffles.de\/en\/#website\",\"url\":\"https:\/\/isi-shuffles.de\/en\/\",\"name\":\"Isi-Shuffles\",\"description\":\"Komm tanz mit mir!\",\"publisher\":{\"@id\":\"https:\/\/isi-shuffles.de\/en\/#\/schema\/person\/51a1ef4c9bb4cdbfd673609bf810e20a\"},\"potentialAction\":[{\"@type\":\"SearchAction\",\"target\":{\"@type\":\"EntryPoint\",\"urlTemplate\":\"https:\/\/isi-shuffles.de\/en\/?s={search_term_string}\"},\"query-input\":{\"@type\":\"PropertyValueSpecification\",\"valueRequired\":true,\"valueName\":\"search_term_string\"}}],\"inLanguage\":\"en-US\"},{\"@type\":[\"Person\",\"Organization\"],\"@id\":\"https:\/\/isi-shuffles.de\/en\/#\/schema\/person\/51a1ef4c9bb4cdbfd673609bf810e20a\",\"name\":\"Isi-shuffles\",\"image\":{\"@type\":\"ImageObject\",\"inLanguage\":\"en-US\",\"@id\":\"https:\/\/isi-shuffles.de\/en\/#\/schema\/person\/image\/\",\"url\":\"https:\/\/isi-shuffles.dewp-content\/uploads\/2022\/07\/Unbenannt-1-2.png\",\"contentUrl\":\"https:\/\/isi-shuffles.dewp-content\/uploads\/2022\/07\/Unbenannt-1-2.png\",\"width\":742,\"height\":969,\"caption\":\"Isi-shuffles\"},\"logo\":{\"@id\":\"https:\/\/isi-shuffles.de\/en\/#\/schema\/person\/image\/\"},\"sameAs\":[\"https:\/\/www.instagram.com\/isi.shuffles\/\",\"https:\/\/www.youtube.com\/channel\/UCi_9D_gHNRxmx7eukw2RBoQ\"]}]}<\/script>\n<!-- \/ Yoast SEO plugin. -->","yoast_head_json":{"title":"Kombipaket Technik + Combo-Training (je 4 Sessions) - Isi-Shuffles","description":"Nimm jetzt am Shuffle Technik + Combo-Kurs von Isi-Shuffles teil. Ich freue mich auf Deine Anmeldung und mit Dir zusammen zu tanzen!","robots":{"index":"index","follow":"follow","max-snippet":"max-snippet:-1","max-image-preview":"max-image-preview:large","max-video-preview":"max-video-preview:-1"},"canonical":"https:\/\/isi-shuffles.de\/en\/produkt\/kombipaket-technik-combo-training\/","og_locale":"en_US","og_type":"article","og_title":"Kombipaket Technik + Combo-Training (je 4 Sessions) - Isi-Shuffles","og_description":"Nimm jetzt am Shuffle Technik + Combo-Kurs von Isi-Shuffles teil. Ich freue mich auf Deine Anmeldung und mit Dir zusammen zu tanzen!","og_url":"https:\/\/isi-shuffles.de\/en\/produkt\/kombipaket-technik-combo-training\/","og_site_name":"Isi-Shuffles","article_modified_time":"2026-03-25T13:43:39+00:00","og_image":[{"width":1763,"height":2560,"url":"https:\/\/isi-shuffles.de\/wp-content\/uploads\/2022\/07\/DSCF6838-1-2-scaled.jpg","type":"image\/jpeg"}],"twitter_card":"summary_large_image","twitter_misc":{"Est. reading time":"1 minute"},"schema":{"@context":"https:\/\/schema.org","@graph":[{"@type":"WebPage","@id":"https:\/\/isi-shuffles.de\/en\/produkt\/kombipaket-technik-combo-training\/","url":"https:\/\/isi-shuffles.de\/en\/produkt\/kombipaket-technik-combo-training\/","name":"Kombipaket Technik + Combo-Training (je 4 Sessions) - Isi-Shuffles","isPartOf":{"@id":"https:\/\/isi-shuffles.de\/en\/#website"},"primaryImageOfPage":{"@id":"https:\/\/isi-shuffles.de\/en\/produkt\/kombipaket-technik-combo-training\/#primaryimage"},"image":{"@id":"https:\/\/isi-shuffles.de\/en\/produkt\/kombipaket-technik-combo-training\/#primaryimage"},"thumbnailUrl":"https:\/\/isi-shuffles.de\/wp-content\/uploads\/2022\/07\/DSCF6838-1-2-scaled.jpg","datePublished":"2025-07-28T13:30:58+00:00","dateModified":"2026-03-25T13:43:39+00:00","description":"Nimm jetzt am Shuffle Technik + Combo-Kurs von Isi-Shuffles teil. Ich freue mich auf Deine Anmeldung und mit Dir zusammen zu tanzen!","breadcrumb":{"@id":"https:\/\/isi-shuffles.de\/en\/produkt\/kombipaket-technik-combo-training\/#breadcrumb"},"inLanguage":"en-US","potentialAction":[{"@type":"ReadAction","target":["https:\/\/isi-shuffles.de\/en\/produkt\/kombipaket-technik-combo-training\/"]}]},{"@type":"ImageObject","inLanguage":"en-US","@id":"https:\/\/isi-shuffles.de\/en\/produkt\/kombipaket-technik-combo-training\/#primaryimage","url":"https:\/\/isi-shuffles.de\/wp-content\/uploads\/2022\/07\/DSCF6838-1-2-scaled.jpg","contentUrl":"https:\/\/isi-shuffles.de\/wp-content\/uploads\/2022\/07\/DSCF6838-1-2-scaled.jpg","width":1763,"height":2560},{"@type":"BreadcrumbList","@id":"https:\/\/isi-shuffles.de\/en\/produkt\/kombipaket-technik-combo-training\/#breadcrumb","itemListElement":[{"@type":"ListItem","position":1,"name":"Startseite","item":"https:\/\/isi-shuffles.de\/en\/homepage\/"},{"@type":"ListItem","position":2,"name":"Shop","item":"https:\/\/isi-shuffles.de\/shop\/"},{"@type":"ListItem","position":3,"name":"Kombipaket Technik + Combo-Training (je 4 Sessions)"}]},{"@type":"WebSite","@id":"https:\/\/isi-shuffles.de\/en\/#website","url":"https:\/\/isi-shuffles.de\/en\/","name":"Isi-Shuffles","description":"Komm tanz mit mir!","publisher":{"@id":"https:\/\/isi-shuffles.de\/en\/#\/schema\/person\/51a1ef4c9bb4cdbfd673609bf810e20a"},"potentialAction":[{"@type":"SearchAction","target":{"@type":"EntryPoint","urlTemplate":"https:\/\/isi-shuffles.de\/en\/?s={search_term_string}"},"query-input":{"@type":"PropertyValueSpecification","valueRequired":true,"valueName":"search_term_string"}}],"inLanguage":"en-US"},{"@type":["Person","Organization"],"@id":"https:\/\/isi-shuffles.de\/en\/#\/schema\/person\/51a1ef4c9bb4cdbfd673609bf810e20a","name":"Isi-shuffles","image":{"@type":"ImageObject","inLanguage":"en-US","@id":"https:\/\/isi-shuffles.de\/en\/#\/schema\/person\/image\/","url":"https:\/\/isi-shuffles.dewp-content\/uploads\/2022\/07\/Unbenannt-1-2.png","contentUrl":"https:\/\/isi-shuffles.dewp-content\/uploads\/2022\/07\/Unbenannt-1-2.png","width":742,"height":969,"caption":"Isi-shuffles"},"logo":{"@id":"https:\/\/isi-shuffles.de\/en\/#\/schema\/person\/image\/"},"sameAs":["https:\/\/www.instagram.com\/isi.shuffles\/","https:\/\/www.youtube.com\/channel\/UCi_9D_gHNRxmx7eukw2RBoQ"]}]}},"_links":{"self":[{"href":"https:\/\/isi-shuffles.de\/en\/wp-json\/wp\/v2\/product\/1672","targetHints":{"allow":["GET"]}}],"collection":[{"href":"https:\/\/isi-shuffles.de\/en\/wp-json\/wp\/v2\/product"}],"about":[{"href":"https:\/\/isi-shuffles.de\/en\/wp-json\/wp\/v2\/types\/product"}],"wp:featuredmedia":[{"embeddable":true,"href":"https:\/\/isi-shuffles.de\/en\/wp-json\/wp\/v2\/media\/262"}],"wp:attachment":[{"href":"https:\/\/isi-shuffles.de\/en\/wp-json\/wp\/v2\/media?parent=1672"}],"wp:term":[{"taxonomy":"product_brand","embeddable":true,"href":"https:\/\/isi-shuffles.de\/en\/wp-json\/wp\/v2\/product_brand?post=1672"},{"taxonomy":"product_cat","embeddable":true,"href":"https:\/\/isi-shuffles.de\/en\/wp-json\/wp\/v2\/product_cat?post=1672"},{"taxonomy":"product_tag","embeddable":true,"href":"https:\/\/isi-shuffles.de\/en\/wp-json\/wp\/v2\/product_tag?post=1672"}],"curies":[{"name":"wp","href":"https:\/\/api.w.org\/{rel}","templated":true}]}}